{"id":18629,"date":"2020-10-28T14:22:53","date_gmt":"2020-10-28T13:22:53","guid":{"rendered":"https:\/\/www.mercidocteur.co\/news"},"modified":"2025-08-14T16:51:19","modified_gmt":"2025-08-14T14:51:19","slug":"news","status":"publish","type":"page","link":"https:\/\/www.mercidocteur.co\/en\/news","title":{"rendered":"News"},"content":{"rendered":"\t\t<div data-elementor-type=\"wp-page\" data-elementor-id=\"18629\" class=\"elementor elementor-18629 elementor-8061\" data-elementor-post-type=\"page\">\n\t\t\t\t<div class=\"elementor-element elementor-element-5157713 e-flex e-con-boxed e-con e-parent\" data-id=\"5157713\" data-element_type=\"container\" data-e-type=\"container\">\n\t\t\t\t\t<div class=\"e-con-inner\">\n\t\t\t\t<div class=\"elementor-element elementor-element-8c48421 elementor-widget elementor-widget-heading\" data-id=\"8c48421\" data-element_type=\"widget\" data-e-type=\"widget\" data-widget_type=\"heading.default\">\n\t\t\t\t<div class=\"elementor-widget-container\">\n\t\t\t\t\t<h1 class=\"elementor-heading-title elementor-size-default\">Merci Docteur's Blog<\/h1>\t\t\t\t<\/div>\n\t\t\t\t<\/div>\n\t\t\t\t<div class=\"elementor-element elementor-element-894faf0 elementor-widget elementor-widget-ucaddon_ue_buttons_post_filter\" data-id=\"894faf0\" data-element_type=\"widget\" data-e-type=\"widget\" data-widget_type=\"ucaddon_ue_buttons_post_filter.default\">\n\t\t\t\t<div class=\"elementor-widget-container\">\n\t\t\t\t\t\n<!-- start Tabs Filter -->\n\t\t<link id='font-awesome-css' href='https:\/\/www.mercidocteur.co\/wp-content\/plugins\/unlimited-elements-for-elementor-premium\/assets_libraries\/font-awesome6\/fontawesome-all.min.css' type='text\/css' rel='stylesheet' >\n\t\t<link id='font-awesome-4-shim-css' href='https:\/\/www.mercidocteur.co\/wp-content\/plugins\/unlimited-elements-for-elementor-premium\/assets_libraries\/font-awesome6\/fontawesome-v4-shims.min.css' type='text\/css' rel='stylesheet' >\n\n<style>\/* widget: Tabs Filter *\/\n\n#uc_ue_buttons_post_filter_elementor_894faf0.uc-filter-initing{\n    opacity:0.8;\n    cursor:default;\n}\n\n#uc_ue_buttons_post_filter_elementor_894faf0 .ue-debug-meta\n{\n  font-size:10px;\n  border:1px solid red;\n  padding:10px;\n}\n\n#uc_ue_buttons_post_filter_elementor_894faf0 .ue_taxonomy_image img\n{\n  display:block;\n}\n\n#uc_ue_buttons_post_filter_elementor_894faf0.ue_taxonomy\n{\n  flex-wrap: wrap;\n}\n\n#uc_ue_buttons_post_filter_elementor_894faf0 a.ue_taxonomy_item\n{\n  display:block;\n}\n\n\n\n#uc_ue_buttons_post_filter_elementor_894faf0 .uc-item-hidden{\n\tdisplay:none !important;\n}\n\n\n#uc_ue_buttons_post_filter_elementor_894faf0.uc-filter-initing a{\n   cursor:default;\n   background-color:lightgray !important;\n}\n\n#uc_ue_buttons_post_filter_elementor_894faf0.uc-filter-initing .ue_taxonomy_item_content{\n\tvisibility:hidden;\n}\n\n\n\n\n#uc_ue_buttons_post_filter_elementor_894faf0.uc-filter-hidden,\n#uc_ue_buttons_post_filter_elementor_894faf0.uc-filter-initing.uc-initing-filter-hidden{\n  display:none !important;\n}\n\n\n#uc_ue_buttons_post_filter_elementor_894faf0 .ue_taxonomy_item_content\n{\n  display:flex;\n  align-items:center;\n}\n\n#uc_ue_buttons_post_filter_elementor_894faf0 .ue_taxonomy_item_icon\n{\n  flex-grow:0;\n  flex-shrink:0;\n}\n\n#uc_ue_buttons_post_filter_elementor_894faf0 .ue_taxonomy_item_icon_spacer\n{\n  flex-grow:0;\n  flex-shrink:0;\n}\n\n#uc_ue_buttons_post_filter_elementor_894faf0 .ue_taxonomy_item_num_posts\n{\n  flex-grow:0;\n  flex-shrink:0;\n}\n\n#uc_ue_buttons_post_filter_elementor_894faf0 .ue_taxonomy_item_title\n{\n  flex-grow:1;\n}\n\n\n#uc_ue_buttons_post_filter_elementor_894faf0 .ue_taxonomy_item_num_posts_spacer\n{\n  flex-grow:0;\n  flex-shrink:0;\n}\n\n#uc_ue_buttons_post_filter_elementor_894faf0 .uc-hide-loading-item{\n\tdisplay:none !important;\n}\n\n\n#uc_ue_buttons_post_filter_elementor_894faf0-toggle\n{\n  display:none;\n}\n\n#uc_ue_buttons_post_filter_elementor_894faf0-toggle .#uc_ue_buttons_post_filter_elementor_894faf0-toggle\n{\n  display:none;\n}\n\n#uc_ue_buttons_post_filter_elementor_894faf0-toggle .ue_taxonomy_toggle_icon\n{\n  display:inline-flex;\n  align-items:center;\n  justify-content:center;\n  line-height:1em;\n  cursor:pointer;\n}\n\n#uc_ue_buttons_post_filter_elementor_894faf0-toggle .ue_taxonomy_toggle_icon svg\n{\n  height:1em;\n  width:1em;\n}\n\n\n#uc_ue_buttons_post_filter_elementor_894faf0-toggle .ue_taxonomy_toggle_icon_close\n{\n  display:none;\n}\n\n  #uc_ue_buttons_post_filter_elementor_894faf0 .uc-item-all .ue_taxonomy_item_num_posts_spacer,\n  #uc_ue_buttons_post_filter_elementor_894faf0 .uc-item-all .ue_taxonomy_item_num_posts{\n\t \tdisplay:none !important;\n  }\n\n@media only screen and (max-width: px) {\n \n#uc_ue_buttons_post_filter_elementor_894faf0-toggle\n{\n  display:block;\n}\n\n#uc_ue_buttons_post_filter_elementor_894faf0-container\n{\n  display:none;\n}\n  \n}\n\n\n\n<\/style>\n\n\n<div class=\"ue_taxonomy_toggle\" id=\"uc_ue_buttons_post_filter_elementor_894faf0-toggle\">\n  <div class=\"ue_taxonomy_toggle_icon\">\n    <div class=\"ue_taxonomy_toggle_icon_open\"><i class='fas fa-bars'><\/i><\/div>\n    <div class=\"ue_taxonomy_toggle_icon_close\"><i class='fas fa-times'><\/i><\/div>\n  <\/div>\n<\/div>\n\n\n<div id=\"uc_ue_buttons_post_filter_elementor_894faf0-container\">\n  \n<div id=\"uc_ue_buttons_post_filter_elementor_894faf0\" class=\"ue_taxonomy  uc-grid-filter uc-filter-initing\" data-isfilter=\"\" data-filtertype=\"terms_list\"  data-initafter=\"true\" style=\"\">\n    \n    \n  \n      \n        \n  \t<a href=\"javascript:void(0)\" class=\"ue_taxonomy_item  uc-item-all uc-selected  uc-filter-item-hidden \"     >\n          \n          \n   \n      \n    <div class=\"ue_taxonomy_item_content\">\n            <span  class=\"ue_taxonomy_item_title\">All<\/span>\n          <\/div>\n      \n            \n      \n            \n  <\/a>\n  \n  \n  \n  \n  \n  \n      \n        \n  \t<a href=\"javascript:void(0)\" class=\"ue_taxonomy_item   uc-filter-item-hidden \"  data-id=\"136\" data-type=\"term\" data-slug=\"non-categorise\" data-taxonomy=\"category\" data-title=\"Non cat\u00e9goris\u00e9\" data-key=\"term|category|non-categorise\"     >\n          \n          \n   \n      \n    <div class=\"ue_taxonomy_item_content\">\n            <span  class=\"ue_taxonomy_item_title\">Non cat\u00e9goris\u00e9<\/span>\n          <\/div>\n      \n            \n      \n            \n  <\/a>\n  \n  \n  \n  \n  \n    \n<\/div>\n\n  \n<\/div>\n\n<!-- end Tabs Filter -->\t\t\t\t<\/div>\n\t\t\t\t<\/div>\n\t\t\t\t<div class=\"elementor-element elementor-element-5278c09 elementor-widget elementor-widget-ucaddon_post_grid\" data-id=\"5278c09\" data-element_type=\"widget\" data-e-type=\"widget\" data-widget_type=\"ucaddon_post_grid.default\">\n\t\t\t\t<div class=\"elementor-widget-container\">\n\t\t\t\t\t\n<!-- start Post Grid -->\n\n<style>\/* widget: Post Grid *\/\n\n\r\n@keyframes uc_post_grid_elementor_5278c09__item-animation {\r\n  0% {\r\n            \r\n        \t        \tfilter: blur(10px);\r\n\t\t\t\r\n    \t    opacity: 0;\r\n  }\r\n  100% {\r\n            \r\n        \t            filter: blur(0px);\r\n            \r\n    \t\topacity: 1;\r\n  }\r\n}\r\n\r\n\r\n#uc_post_grid_elementor_5278c09 .ue-item{\r\n\topacity:0;\r\n}\r\n\r\n\r\n#uc_post_grid_elementor_5278c09 .uc-entrance-animate {\r\n  opacity:1;\r\n}\r\n\r\n#uc_post_grid_elementor_5278c09 .uc-entrance-animate {\r\n\tanimation: uc_post_grid_elementor_5278c09__item-animation 0.6s cubic-bezier(0.470, 0.000, 0.745, 0.715) both;\r\n}\r\n\r\n\t\t\t\n\n#uc_post_grid_elementor_5278c09{\n  min-height: 1px;\n}\n\n#uc_post_grid_elementor_5278c09.uc_post_grid_style_one .uc_post_grid_style_one_wrap {\n   display:grid;\n}\n\n\n#uc_post_grid_elementor_5278c09 .uc_post_grid_style_one_item{\n  position:relative;\n}\n\n#uc_post_grid_elementor_5278c09 .uc_post_image{\n  transition:0.3s;\n  position:relative;\n  overflow:hidden;\n}\n\n#uc_post_grid_elementor_5278c09 .uc_post_image img{\n  width:100%;\n  display:block;\n  transition:0.3s;\n}\n\n\t\n\n#uc_post_grid_elementor_5278c09 .uc_post_image_overlay{\n  position:absolute;\n  top:0px;\n  left:0px;\n  height:100%;\n  width:100%;\n  transition:0.3s;\n}\n\n#uc_post_grid_elementor_5278c09 .uc_more_btn-custom-field{\n  display:inline-block;\n  text-align:center;\n  text-decoration:none;\n  transition:0.3s;\n}\n\n#uc_post_grid_elementor_5278c09 .uc_more_btn{\n  display:inline-block;\n  text-align:center;\n  text-decoration:none;\n  transition:0.3s;\n}\n\n.ue-grid-item-category a{\n  display:inline-block;\n  font-size:10px;\n  position: relative;\n  z-index: 1;\n}\n\n#uc_post_grid_elementor_5278c09 .ue-grid-item-category a{\n    cursor: text;\n  }\n\n.uc_post_title{\n  font-size:21px;\n}\n\n\n\n  #uc_post_grid_elementor_5278c09 .ue_post_grid_item{\n    display:flex;\n    flex-direction:column;\n  }\n\n  #uc_post_grid_elementor_5278c09.uc_post_grid_style_one .uc_content{\n   flex-grow:1;\n  }\n\n  #uc_post_grid_elementor_5278c09.uc_post_grid_style_one .uc_content > div{\n    height:100%;\n    display:flex;\n    flex-direction:column;\n    justify-content: space-between;  }\n\n    #uc_post_grid_elementor_5278c09 .uc_post_button   {\n     margin-top:auto;\n   }\n  \n\n\n\n\n\n\n\n\n\n\n\n\n#uc_post_grid_elementor_5278c09 .ue-meta-data{  \n  display:flex !important;\n  flex-wrap: wrap;\n  line-height:1em;\n}\n\n#uc_post_grid_elementor_5278c09 .ue-grid-item-meta-data{\n  display:inline-flex;\n  align-items:center;\n}\n\n#uc_post_grid_elementor_5278c09 .ue-grid-item-meta-data a{\n  color:inherit;\n}\n\n.ue-grid-item-meta-data{\n  font-size:12px;\n}\n\n#uc_post_grid_elementor_5278c09 .ue-grid-item-meta-data-icon{\n  line-height:1em;\n}\n\n#uc_post_grid_elementor_5278c09 .ue-grid-item-meta-data-icon svg{\n  width:1em;\n  height:1em;\n}\n\n#uc_post_grid_elementor_5278c09 .ue-debug-meta{\n  padding:10px;\n  border:1px solid red;\n  position:relative;\n  line-height:1.5em;\n  font-size:11px;\n  width:100%;\n}\n\n#uc_post_grid_elementor_5278c09 .uc_btn_inner{\n  display:inline-flex;\n  align-items:center;\n}\n\n#uc_post_grid_elementor_5278c09 .uc_btn_inner svg{\n  width:1em;\n  height:1em;\n}\n\n\n\n#uc_post_grid_elementor_5278c09 .uc_content_inner{\n  width: 100%;\n}\n\n\n<\/style>\n\n<div class=\"uc_post_grid_style_one uc-filterable-grid uc-remote-parent \" id=\"uc_post_grid_elementor_5278c09\"  data-ajax='true'  data-filterbehave='ajax'  querydata='{&quot;count_posts&quot;:0,&quot;total_posts&quot;:0,&quot;page&quot;:1,&quot;num_pages&quot;:1}'  data-remoteid='auto' data-widgetname='Post Grid'>\n\t\t<div class=\"uc_post_grid_style_one_wrap ue_post_grid uc-items-wrapper\">\n\t\t\t\n\t\t<\/div>\n\t<\/div>\n\n\n\n  <div id=\"uc_post_grid_elementor_5278c09_empty_message\" class=\"ue-no-posts-found\" >No posts found<\/div>\n\n\n<!-- end Post Grid -->\t\t\t\t<\/div>\n\t\t\t\t<\/div>\n\t\t\t\t<div class=\"elementor-element elementor-element-c29aa77 elementor-widget elementor-widget-ucaddon_archive_pagination\" data-id=\"c29aa77\" data-element_type=\"widget\" data-e-type=\"widget\" data-widget_type=\"ucaddon_archive_pagination.default\">\n\t\t\t\t<div class=\"elementor-widget-container\">\n\t\t\t\t\t\n<!-- start Post Pagination -->\n\n<style>\/* widget: Post Pagination *\/\n\n#uc_archive_pagination_elementor_c29aa77 nav\n{\n  padding:0px;\n  margin:0px;\n}\n\n#uc_archive_pagination_elementor_c29aa77 \n{\n  display:flex;\n  flex-wrap: wrap;\n  justify-content:center;\n}\n\n#uc_archive_pagination_elementor_c29aa77 .nav-links\n{\n  display:flex;\n  justify-content:center;\n}\n\n#uc_archive_pagination_elementor_c29aa77 .nav-links > *\n{\n}\n\n#uc_archive_pagination_elementor_c29aa77 .page-numbers\n{\n  display:flex;\n  \n  align-items:center;\n  justify-content:center;\n  transition:0.3s;\n  line-height:1em;\n}\n\n\n#uc_archive_pagination_elementor_c29aa77 a.page-numbers, #uc_archive_pagination_elementor_c29aa77 .dots\n{\n  color:#1D2229;\n  background-color:#FFFFFF;\n}\n\n#uc_archive_pagination_elementor_c29aa77 a.page-numbers:hover\n{\n  color:#FFFFFF;\n  background-color:#5178FA;\n}\n\n#uc_archive_pagination_elementor_c29aa77 .page-numbers.current,\n#uc_archive_pagination_elementor_c29aa77 .page-numbers.current:hover\n{\n  background-color:#000000;\n  color:#ffffff;\n}\n\n\n#uc_archive_pagination_elementor_c29aa77 .page-numbers.prev, #uc_archive_pagination_elementor_c29aa77 .page-numbers.next\n{\n  padding-left:15px;\n  padding-right:15px;\n}\n\n\n\n#uc_archive_pagination_elementor_c29aa77 .prev:before {\n   font-family: \"Font Awesome 5 Free\";\n   content: \"\\f053\";\n   display: inline-block;\n   vertical-align: middle;\n   font-weight: 900;\n   padding-right:10px;}\n\n#uc_archive_pagination_elementor_c29aa77 .next:after {\n   font-family: \"Font Awesome 5 Free\";\n   content: \"\\f054\";\n   display: inline-block;\n   vertical-align: middle;\n   font-weight: 900;\n   padding-left:10px;}\n\n#uc_archive_pagination_elementor_c29aa77.uc-ajax-loading{\n\topacity:1 !important;\n}\n\n#uc_archive_pagination_elementor_c29aa77.uc-ajax-loading .current{\n\tposition:relative;\n    overflow:hidden;\n}\n\n\n#uc_archive_pagination_elementor_c29aa77.uc-ajax-loading .current:before{\n  content: \"\";\n  display:block;\n  width:100%;\n  height:100%;\n  box-sizing:border-box;\n  position:absolute;\n  top:0px;\n  left:0px;\n  background-color: #c2c2c2;\n  animation: uc-spinning-border 0.5s linear infinite;\n  opacity:50%;\n  border-radius:inherit;\n}\n\n@keyframes uc-spinning-border {\n\t0%{transform: scale(0);}\n\t100%{transform: scale(1); }\t\n}\n\n\n\n<\/style>\n\n<div id=\"uc_archive_pagination_elementor_c29aa77\" class=\"archive_pagination uc-filter-pagination \">\n\n<\/div>\n<!-- end Post Pagination -->\t\t\t\t<\/div>\n\t\t\t\t<\/div>\n\t\t\t\t\t<\/div>\n\t\t\t\t<\/div>\n\t\t\t\t<\/div>\n\t\t","protected":false},"excerpt":{"rendered":"<p>Merci Docteur&#8217;s Blog All Actus Consentement patient Cybers\u00e9curit\u00e9 e-reputation Etablissement de sant\u00e9 Google My Business Installation Logiciel Publicit\u00e9 Qualit\u00e9 SEO R\u00e9f\u00e9rencement Actus Etablissement de sant\u00e9 PROMs : pourquoi les indicateurs issus des patients sont devenus cl\u00e9s pour les \u00e9tablissements de sant\u00e9 29 juillet 2025 Read more Actus T\u00e9l\u00e9m\u00e9decine et exp\u00e9rience patient : d\u00e9fis et opportunit\u00e9s [&hellip;]<\/p>\n","protected":false},"author":1,"featured_media":18398,"parent":0,"menu_order":0,"comment_status":"closed","ping_status":"closed","template":"","meta":{"_mbp_gutenberg_autopost":false,"footnotes":""},"class_list":["post-18629","page","type-page","status-publish","has-post-thumbnail","hentry"],"yoast_head":"<!-- This site is optimized with the Yoast SEO plugin v26.8 - https:\/\/yoast.com\/product\/yoast-seo-wordpress\/ -->\n<title>Our News on Patient Experience - MerciDocteur<\/title>\n<meta name=\"description\" content=\"Discover all our news through many blog posts on online reputation, Google reviews, patient experience...\" \/>\n<meta name=\"robots\" content=\"index, follow, max-snippet:-1, max-image-preview:large, max-video-preview:-1\" \/>\n<link rel=\"canonical\" href=\"https:\/\/www.mercidocteur.co\/en\/news\" \/>\n<meta property=\"og:locale\" content=\"en_US\" \/>\n<meta property=\"og:type\" content=\"article\" \/>\n<meta property=\"og:title\" content=\"Our News on Patient Experience - MerciDocteur\" \/>\n<meta property=\"og:description\" content=\"Discover all our news through many blog posts on online reputation, Google reviews, patient experience...\" \/>\n<meta property=\"og:url\" content=\"https:\/\/www.mercidocteur.co\/en\/news\" \/>\n<meta property=\"og:site_name\" content=\"MerciDocteur\" \/>\n<meta property=\"article:modified_time\" content=\"2025-08-14T14:51:19+00:00\" \/>\n<meta property=\"og:image\" content=\"https:\/\/www.mercidocteur.co\/wp-content\/uploads\/2023\/01\/logo-MerciDocteur.png\" \/>\n\t<meta property=\"og:image:width\" content=\"2362\" \/>\n\t<meta property=\"og:image:height\" content=\"2362\" \/>\n\t<meta property=\"og:image:type\" content=\"image\/png\" \/>\n<meta name=\"twitter:card\" content=\"summary_large_image\" \/>\n<meta name=\"twitter:label1\" content=\"Est. reading time\" \/>\n\t<meta name=\"twitter:data1\" content=\"1 minute\" \/>\n<script type=\"application\/ld+json\" class=\"yoast-schema-graph\">{\"@context\":\"https:\/\/schema.org\",\"@graph\":[{\"@type\":\"WebPage\",\"@id\":\"https:\/\/www.mercidocteur.co\/en\/news\",\"url\":\"https:\/\/www.mercidocteur.co\/en\/news\",\"name\":\"Our News on Patient Experience - MerciDocteur\",\"isPartOf\":{\"@id\":\"https:\/\/www.mercidocteur.co\/en#website\"},\"primaryImageOfPage\":{\"@id\":\"https:\/\/www.mercidocteur.co\/en\/news#primaryimage\"},\"image\":{\"@id\":\"https:\/\/www.mercidocteur.co\/en\/news#primaryimage\"},\"thumbnailUrl\":\"https:\/\/www.mercidocteur.co\/wp-content\/uploads\/2023\/01\/logo-MerciDocteur.png\",\"datePublished\":\"2020-10-28T13:22:53+00:00\",\"dateModified\":\"2025-08-14T14:51:19+00:00\",\"description\":\"Discover all our news through many blog posts on online reputation, Google reviews, patient experience...\",\"breadcrumb\":{\"@id\":\"https:\/\/www.mercidocteur.co\/en\/news#breadcrumb\"},\"inLanguage\":\"en-US\",\"potentialAction\":[{\"@type\":\"ReadAction\",\"target\":[\"https:\/\/www.mercidocteur.co\/en\/news\"]}]},{\"@type\":\"ImageObject\",\"inLanguage\":\"en-US\",\"@id\":\"https:\/\/www.mercidocteur.co\/en\/news#primaryimage\",\"url\":\"https:\/\/www.mercidocteur.co\/wp-content\/uploads\/2023\/01\/logo-MerciDocteur.png\",\"contentUrl\":\"https:\/\/www.mercidocteur.co\/wp-content\/uploads\/2023\/01\/logo-MerciDocteur.png\",\"width\":2362,\"height\":2362},{\"@type\":\"BreadcrumbList\",\"@id\":\"https:\/\/www.mercidocteur.co\/en\/news#breadcrumb\",\"itemListElement\":[{\"@type\":\"ListItem\",\"position\":1,\"name\":\"Accueil\",\"item\":\"https:\/\/www.mercidocteur.co\/en\/give-your-patients-a-voice\"},{\"@type\":\"ListItem\",\"position\":2,\"name\":\"News\"}]},{\"@type\":\"WebSite\",\"@id\":\"https:\/\/www.mercidocteur.co\/en#website\",\"url\":\"https:\/\/www.mercidocteur.co\/en\",\"name\":\"MerciDocteur\",\"description\":\"99% de vos patients sont satisfaits, faites-le savoir !\",\"publisher\":{\"@id\":\"https:\/\/www.mercidocteur.co\/en#organization\"},\"potentialAction\":[{\"@type\":\"SearchAction\",\"target\":{\"@type\":\"EntryPoint\",\"urlTemplate\":\"https:\/\/www.mercidocteur.co\/en?s={search_term_string}\"},\"query-input\":{\"@type\":\"PropertyValueSpecification\",\"valueRequired\":true,\"valueName\":\"search_term_string\"}}],\"inLanguage\":\"en-US\"},{\"@type\":\"Organization\",\"@id\":\"https:\/\/www.mercidocteur.co\/en#organization\",\"name\":\"MerciDocteur\",\"url\":\"https:\/\/www.mercidocteur.co\/en\",\"logo\":{\"@type\":\"ImageObject\",\"inLanguage\":\"en-US\",\"@id\":\"https:\/\/www.mercidocteur.co\/en#\/schema\/logo\/image\/\",\"url\":\"https:\/\/www.mercidocteur.co\/wp-content\/uploads\/2024\/12\/logo-mercidocteur-v2-500.jpg\",\"contentUrl\":\"https:\/\/www.mercidocteur.co\/wp-content\/uploads\/2024\/12\/logo-mercidocteur-v2-500.jpg\",\"width\":500,\"height\":233,\"caption\":\"MerciDocteur\"},\"image\":{\"@id\":\"https:\/\/www.mercidocteur.co\/en#\/schema\/logo\/image\/\"},\"sameAs\":[\"https:\/\/www.linkedin.com\/company\/thankyoudoc\",\"https:\/\/www.youtube.com\/watch?v=4qqGBylNpvc&ab_channel=MerciDocteur\"]}]}<\/script>\n<!-- \/ Yoast SEO plugin. -->","yoast_head_json":{"title":"Our News on Patient Experience - MerciDocteur","description":"Discover all our news through many blog posts on online reputation, Google reviews, patient experience...","robots":{"index":"index","follow":"follow","max-snippet":"max-snippet:-1","max-image-preview":"max-image-preview:large","max-video-preview":"max-video-preview:-1"},"canonical":"https:\/\/www.mercidocteur.co\/en\/news","og_locale":"en_US","og_type":"article","og_title":"Our News on Patient Experience - MerciDocteur","og_description":"Discover all our news through many blog posts on online reputation, Google reviews, patient experience...","og_url":"https:\/\/www.mercidocteur.co\/en\/news","og_site_name":"MerciDocteur","article_modified_time":"2025-08-14T14:51:19+00:00","og_image":[{"width":2362,"height":2362,"url":"https:\/\/www.mercidocteur.co\/wp-content\/uploads\/2023\/01\/logo-MerciDocteur.png","type":"image\/png"}],"twitter_card":"summary_large_image","twitter_misc":{"Est. reading time":"1 minute"},"schema":{"@context":"https:\/\/schema.org","@graph":[{"@type":"WebPage","@id":"https:\/\/www.mercidocteur.co\/en\/news","url":"https:\/\/www.mercidocteur.co\/en\/news","name":"Our News on Patient Experience - MerciDocteur","isPartOf":{"@id":"https:\/\/www.mercidocteur.co\/en#website"},"primaryImageOfPage":{"@id":"https:\/\/www.mercidocteur.co\/en\/news#primaryimage"},"image":{"@id":"https:\/\/www.mercidocteur.co\/en\/news#primaryimage"},"thumbnailUrl":"https:\/\/www.mercidocteur.co\/wp-content\/uploads\/2023\/01\/logo-MerciDocteur.png","datePublished":"2020-10-28T13:22:53+00:00","dateModified":"2025-08-14T14:51:19+00:00","description":"Discover all our news through many blog posts on online reputation, Google reviews, patient experience...","breadcrumb":{"@id":"https:\/\/www.mercidocteur.co\/en\/news#breadcrumb"},"inLanguage":"en-US","potentialAction":[{"@type":"ReadAction","target":["https:\/\/www.mercidocteur.co\/en\/news"]}]},{"@type":"ImageObject","inLanguage":"en-US","@id":"https:\/\/www.mercidocteur.co\/en\/news#primaryimage","url":"https:\/\/www.mercidocteur.co\/wp-content\/uploads\/2023\/01\/logo-MerciDocteur.png","contentUrl":"https:\/\/www.mercidocteur.co\/wp-content\/uploads\/2023\/01\/logo-MerciDocteur.png","width":2362,"height":2362},{"@type":"BreadcrumbList","@id":"https:\/\/www.mercidocteur.co\/en\/news#breadcrumb","itemListElement":[{"@type":"ListItem","position":1,"name":"Accueil","item":"https:\/\/www.mercidocteur.co\/en\/give-your-patients-a-voice"},{"@type":"ListItem","position":2,"name":"News"}]},{"@type":"WebSite","@id":"https:\/\/www.mercidocteur.co\/en#website","url":"https:\/\/www.mercidocteur.co\/en","name":"MerciDocteur","description":"99% de vos patients sont satisfaits, faites-le savoir !","publisher":{"@id":"https:\/\/www.mercidocteur.co\/en#organization"},"potentialAction":[{"@type":"SearchAction","target":{"@type":"EntryPoint","urlTemplate":"https:\/\/www.mercidocteur.co\/en?s={search_term_string}"},"query-input":{"@type":"PropertyValueSpecification","valueRequired":true,"valueName":"search_term_string"}}],"inLanguage":"en-US"},{"@type":"Organization","@id":"https:\/\/www.mercidocteur.co\/en#organization","name":"MerciDocteur","url":"https:\/\/www.mercidocteur.co\/en","logo":{"@type":"ImageObject","inLanguage":"en-US","@id":"https:\/\/www.mercidocteur.co\/en#\/schema\/logo\/image\/","url":"https:\/\/www.mercidocteur.co\/wp-content\/uploads\/2024\/12\/logo-mercidocteur-v2-500.jpg","contentUrl":"https:\/\/www.mercidocteur.co\/wp-content\/uploads\/2024\/12\/logo-mercidocteur-v2-500.jpg","width":500,"height":233,"caption":"MerciDocteur"},"image":{"@id":"https:\/\/www.mercidocteur.co\/en#\/schema\/logo\/image\/"},"sameAs":["https:\/\/www.linkedin.com\/company\/thankyoudoc","https:\/\/www.youtube.com\/watch?v=4qqGBylNpvc&ab_channel=MerciDocteur"]}]}},"_links":{"self":[{"href":"https:\/\/www.mercidocteur.co\/en\/wp-json\/wp\/v2\/pages\/18629","targetHints":{"allow":["GET"]}}],"collection":[{"href":"https:\/\/www.mercidocteur.co\/en\/wp-json\/wp\/v2\/pages"}],"about":[{"href":"https:\/\/www.mercidocteur.co\/en\/wp-json\/wp\/v2\/types\/page"}],"author":[{"embeddable":true,"href":"https:\/\/www.mercidocteur.co\/en\/wp-json\/wp\/v2\/users\/1"}],"replies":[{"embeddable":true,"href":"https:\/\/www.mercidocteur.co\/en\/wp-json\/wp\/v2\/comments?post=18629"}],"version-history":[{"count":1,"href":"https:\/\/www.mercidocteur.co\/en\/wp-json\/wp\/v2\/pages\/18629\/revisions"}],"predecessor-version":[{"id":18630,"href":"https:\/\/www.mercidocteur.co\/en\/wp-json\/wp\/v2\/pages\/18629\/revisions\/18630"}],"wp:featuredmedia":[{"embeddable":true,"href":"https:\/\/www.mercidocteur.co\/en\/wp-json\/wp\/v2\/media\/18398"}],"wp:attachment":[{"href":"https:\/\/www.mercidocteur.co\/en\/wp-json\/wp\/v2\/media?parent=18629"}],"curies":[{"name":"wp","href":"https:\/\/api.w.org\/{rel}","templated":true}]}}